{"id":48,"date":"2024-08-12T10:40:12","date_gmt":"2024-08-12T08:40:12","guid":{"rendered":"https:\/\/assurance-trottinette.net\/?page_id=48"},"modified":"2024-08-12T14:39:31","modified_gmt":"2024-08-12T12:39:31","slug":"qui-sommes-nous","status":"publish","type":"page","link":"https:\/\/assurance-trottinette.net\/index.php\/qui-sommes-nous\/","title":{"rendered":"Qui sommes nous ?"},"content":{"rendered":"\t\t<div data-elementor-type=\"wp-page\" data-elementor-id=\"48\" class=\"elementor elementor-48\" data-elementor-post-type=\"page\">\n\t\t\t\t<div class=\"elementor-element elementor-element-3cc12d8 e-flex e-con-boxed e-con e-parent\" data-id=\"3cc12d8\" data-element_type=\"container\">\n\t\t\t\t\t<div class=\"e-con-inner\">\n\t\t\t\t<div class=\"elementor-element elementor-element-a86d4d1 elementor-widget elementor-widget-image\" data-id=\"a86d4d1\" data-element_type=\"widget\" data-widget_type=\"image.default\">\n\t\t\t\t<div class=\"elementor-widget-container\">\n\t\t\t<style>\/*! elementor - v3.23.0 - 05-08-2024 *\/\n.elementor-widget-image{text-align:center}.elementor-widget-image a{display:inline-block}.elementor-widget-image a img[src$=\".svg\"]{width:48px}.elementor-widget-image img{vertical-align:middle;display:inline-block}<\/style>\t\t\t\t\t\t\t\t\t\t<img fetchpriority=\"high\" decoding=\"async\" width=\"1024\" height=\"861\" src=\"https:\/\/assurance-trottinette.net\/wp-content\/uploads\/2024\/08\/ecran-equipe-agence-e1723466330920-1024x861.gif\" class=\"attachment-large size-large wp-image-97\" alt=\"\" srcset=\"https:\/\/assurance-trottinette.net\/wp-content\/uploads\/2024\/08\/ecran-equipe-agence-e1723466330920-1024x861.gif 1024w, https:\/\/assurance-trottinette.net\/wp-content\/uploads\/2024\/08\/ecran-equipe-agence-e1723466330920-300x252.gif 300w, https:\/\/assurance-trottinette.net\/wp-content\/uploads\/2024\/08\/ecran-equipe-agence-e1723466330920-768x646.gif 768w, https:\/\/assurance-trottinette.net\/wp-content\/uploads\/2024\/08\/ecran-equipe-agence-e1723466330920-357x300.gif 357w\" sizes=\"(max-width: 1024px) 100vw, 1024px\" \/>\t\t\t\t\t\t\t\t\t\t\t\t\t<\/div>\n\t\t\t\t<\/div>\n\t\t\t\t<div class=\"elementor-element elementor-element-a05b59c elementor-widget elementor-widget-text-editor\" data-id=\"a05b59c\" data-element_type=\"widget\" data-widget_type=\"text-editor.default\">\n\t\t\t\t<div class=\"elementor-widget-container\">\n\t\t\t<style>\/*! elementor - v3.23.0 - 05-08-2024 *\/\n.elementor-widget-text-editor.elementor-drop-cap-view-stacked .elementor-drop-cap{background-color:#69727d;color:#fff}.elementor-widget-text-editor.elementor-drop-cap-view-framed .elementor-drop-cap{color:#69727d;border:3px solid;background-color:transparent}.elementor-widget-text-editor:not(.elementor-drop-cap-view-default) .elementor-drop-cap{margin-top:8px}.elementor-widget-text-editor:not(.elementor-drop-cap-view-default) .elementor-drop-cap-letter{width:1em;height:1em}.elementor-widget-text-editor .elementor-drop-cap{float:left;text-align:center;line-height:1;font-size:50px}.elementor-widget-text-editor .elementor-drop-cap-letter{display:inline-block}<\/style>\t\t\t\t<p>Chez <strong>CEB Assurances<\/strong>, nous comprenons les d\u00e9fis uniques associ\u00e9s \u00e0 la protection des trottinettes \u00e9lectriques, v\u00e9los \u00e9lectriques, et autres v\u00e9hicules de transport personnels (VTP). En tant que sp\u00e9cialistes de l\u2019assurance pour ces moyens de transport innovants, nous vous offrons des solutions sur mesure pour s\u00e9curiser vos biens et optimiser votre tranquillit\u00e9 d\u2019esprit.<\/p><p>\u00a0<\/p><p>\u00a0<strong>Pourquoi nous faire confiance ?<\/strong><\/p><p>\u00a0<\/p><p><strong>Expertise Sp\u00e9cialis\u00e9e<\/strong><\/p><p>Nous avons une connaissance approfondie des besoins sp\u00e9cifiques li\u00e9s \u00e0 la gestion et \u00e0 l\u2019utilisation des trottinettes \u00e9lectriques, v\u00e9los \u00e9lectriques et autres VTP personnels. Que ce soit pour la couverture contre le vol, les dommages mat\u00e9riels, ou les accidents, nous sommes \u00e9quip\u00e9s pour anticiper et g\u00e9rer les risques associ\u00e9s \u00e0 votre activit\u00e9. Nos solutions sont adapt\u00e9es pour prot\u00e9ger vos \u00e9quipements et garantir une utilisation sereine.<\/p><p>\u00a0<\/p><p><strong>Transparence et Confiance<\/strong><\/p><p>La fiabilit\u00e9 est essentielle lorsqu&#8217;il s&#8217;agit d\u2019assurer vos moyens de transport personnels. Nous nous engageons \u00e0 \u00eatre un partenaire transparent et digne de confiance. Chaque aspect de nos offres est con\u00e7u pour \u00eatre clair et compr\u00e9hensible, afin que vous puissiez prendre des d\u00e9cisions \u00e9clair\u00e9es sans aucune ambigu\u00eft\u00e9. Nous ne laissons aucune place \u00e0 l\u2019incertitude.<\/p><p>\u00a0<\/p><p><strong>Un Service D\u00e9di\u00e9 et Proactif<\/strong><\/p><p>Votre temps est pr\u00e9cieux et nous le respectons. Notre \u00e9quipe d\u2019experts est d\u00e9di\u00e9e \u00e0 vous offrir un service rapide et personnalis\u00e9. Que vous ayez besoin de conseils, d\u2019un ajustement de contrat, ou d\u2019une intervention en cas de sinistre, nous sommes l\u00e0 pour vous accompagner avec r\u00e9activit\u00e9 et efficacit\u00e9.<\/p><p>\u00a0<\/p><p><strong>Engagement pour la Mobilit\u00e9 Durable<\/strong><\/p><p>Nous partageons votre engagement envers une mobilit\u00e9 durable et responsable. En tant que fervents partisans des solutions de transport \u00e9cologiques, nous soutenons activement les initiatives visant \u00e0 promouvoir des pratiques respectueuses de l\u2019environnement. Nos solutions d\u2019assurance refl\u00e8tent notre engagement pour la durabilit\u00e9.<\/p><p>\u00a0<\/p><p><strong>Votre Tranquillit\u00e9 d\u2019Esprit, Notre Priorit\u00e9<\/strong><\/p><p>G\u00e9rer des v\u00e9hicules de transport personnels implique de g\u00e9rer divers risques. Chez CEB Assurances, notre mission est de vous offrir une couverture d\u2019assurance compl\u00e8te, afin que vous puissiez vous concentrer sur ce qui compte vraiment : profiter de vos moyens de transport en toute s\u00e9curit\u00e9 et avec s\u00e9r\u00e9nit\u00e9.<\/p><p>\u00a0<\/p><p><strong>Contactez-nous<\/strong><\/p><p>\u00a0<\/p><p>Pour en savoir plus sur nos solutions ou obtenir un devis personnalis\u00e9, n\u2019h\u00e9sitez pas \u00e0 nous contacter. Avec CEB Assurances, vous b\u00e9n\u00e9ficiez d\u2019un partenariat solide et d\u2019une protection optimale pour vos trottinettes, v\u00e9los \u00e9lectriques et autres VTP personnels.<\/p>\t\t\t\t\t\t<\/div>\n\t\t\t\t<\/div>\n\t\t\t\t<div class=\"elementor-element elementor-element-2613c81 elementor-align-center elementor-widget elementor-widget-button\" data-id=\"2613c81\" data-element_type=\"widget\" data-widget_type=\"button.default\">\n\t\t\t\t<div class=\"elementor-widget-container\">\n\t\t\t\t\t<div class=\"elementor-button-wrapper\">\n\t\t\t<a class=\"elementor-button elementor-button-link elementor-size-sm\" href=\"https:\/\/agences.abeille-assurances.fr\/chateaubriant\/\" target=\"_blank\">\n\t\t\t\t\t\t<span class=\"elementor-button-content-wrapper\">\n\t\t\t\t\t\t\t\t\t<span class=\"elementor-button-text\">NOUS CONTACTER<\/span>\n\t\t\t\t\t<\/span>\n\t\t\t\t\t<\/a>\n\t\t<\/div>\n\t\t\t\t<\/div>\n\t\t\t\t<\/div>\n\t\t\t\t\t<\/div>\n\t\t\t\t<\/div>\n\t\t\t\t<\/div>\n\t\t","protected":false},"excerpt":{"rendered":"<p>Chez CEB Assurances, nous comprenons les d\u00e9fis uniques associ\u00e9s \u00e0 la protection des trottinettes \u00e9lectriques, v\u00e9los \u00e9lectriques, et autres v\u00e9hicules de transport personnels (VTP). En &hellip;<\/p>\n","protected":false},"author":1,"featured_media":0,"parent":0,"menu_order":0,"comment_status":"closed","ping_status":"closed","template":"","meta":{"footnotes":""},"class_list":["post-48","page","type-page","status-publish","hentry"],"_links":{"self":[{"href":"https:\/\/assurance-trottinette.net\/index.php\/wp-json\/wp\/v2\/pages\/48","targetHints":{"allow":["GET"]}}],"collection":[{"href":"https:\/\/assurance-trottinette.net\/index.php\/wp-json\/wp\/v2\/pages"}],"about":[{"href":"https:\/\/assurance-trottinette.net\/index.php\/wp-json\/wp\/v2\/types\/page"}],"author":[{"embeddable":true,"href":"https:\/\/assurance-trottinette.net\/index.php\/wp-json\/wp\/v2\/users\/1"}],"replies":[{"embeddable":true,"href":"https:\/\/assurance-trottinette.net\/index.php\/wp-json\/wp\/v2\/comments?post=48"}],"version-history":[{"count":10,"href":"https:\/\/assurance-trottinette.net\/index.php\/wp-json\/wp\/v2\/pages\/48\/revisions"}],"predecessor-version":[{"id":100,"href":"https:\/\/assurance-trottinette.net\/index.php\/wp-json\/wp\/v2\/pages\/48\/revisions\/100"}],"wp:attachment":[{"href":"https:\/\/assurance-trottinette.net\/index.php\/wp-json\/wp\/v2\/media?parent=48"}],"curies":[{"name":"wp","href":"https:\/\/api.w.org\/{rel}","templated":true}]}}