{"id":102,"date":"2024-08-12T14:40:59","date_gmt":"2024-08-12T12:40:59","guid":{"rendered":"https:\/\/assurance-trottinette.net\/?page_id=102"},"modified":"2024-08-12T16:07:50","modified_gmt":"2024-08-12T14:07:50","slug":"mentions-legales","status":"publish","type":"page","link":"https:\/\/assurance-trottinette.net\/index.php\/mentions-legales\/","title":{"rendered":"Mentions l\u00e9gales"},"content":{"rendered":"\n<h3 class=\"wp-block-heading\">Coordonn\u00e9es<\/h3>\n\n\n\n<p>CEB Assurances<br><strong>M. Yann BENOIST \u2013 Responsable\u00a0<\/strong>Assurance trottinette<\/p>\n\n\n\n<p>1, Rue d\u2019Angers \u2013 BP 94<br>44143 CH\u00c2TEAUBRIANT Cedex<\/p>\n\n\n\n<p>T\u00e9l :\u00a0<a href=\"tel:02 40 81 28 88\">02 40 81 28 88<\/a><br>E-mail :\u00a0<a href=\"mailto:anaelle@assurances-easydo.fr\">yann@ceb-assurances.com<\/a><br>Site web :\u00a0<a href=\"https:\/\/www.assurances-easydo.fr\/\">www.assurance-trottinette.net<\/a><\/p>\n\n\n\n<h3 class=\"wp-block-heading\">CEB Assurances<\/h3>\n\n\n\n<h3 class=\"wp-block-heading\">| Si\u00e8ge social :<\/h3>\n\n\n\n<p>Eric Benoist, CEB Assurances<br>1, Rue d\u2019Angers \u2013 BP 94 \u2013&nbsp;44143 CH\u00c2TEAUBRIANT Cedex<br>T\u00e9l\u00e9phone : 02 40 81 28 88<br>E-mail : anaelle@assurances-easydo.fr<br>Site web : www.assurances-easydo.fr<\/p>\n\n\n\n<p>SIREN n\u00b0 477 747 372 00035 \u2013 RCS Nantes<br>APE n\u00b0 6622 Z<br>Num\u00e9ro immatriculation Orias : 07 004 717 \u2013&nbsp;<a href=\"https:\/\/www.orias.fr\/\" target=\"_blank\" rel=\"noreferrer noopener\">www.orias.fr<\/a><\/p>\n\n\n\n<h3 class=\"wp-block-heading\">| Directeur de la publication :<\/h3>\n\n\n\n<p>Eric Benoist, en qualit\u00e9 de G\u00e9rant.<\/p>\n\n\n\n<h3 class=\"wp-block-heading\">| Cr\u00e9dits Photos :<\/h3>\n\n\n\n<p>PEXELS<\/p>\n\n\n\n<h3 class=\"wp-block-heading\">| Cr\u00e9ation du site internet :<\/h3>\n\n\n\n<p>Conception&nbsp;<strong>Yann BENOIST<\/strong><br><em>Mise en ligne du site en&nbsp;<\/em>ao\u00fbt 2024<br>CEB ASSURANCES, 1 rue d\u2019Angers, 44110 Ch\u00e2teaubriant<br>T\u00e9l : 07 77 25 26 12<br>Email :&nbsp;<a href=\"mailto:contact@sophiemarine.com\">yann@ceb-assurances.com<\/a><\/p>\n\n\n\n<h3 class=\"wp-block-heading\">| H\u00e9bergement :<\/h3>\n\n\n\n<p>L\u2019h\u00e9bergeur du site est la soci\u00e9t\u00e9 OVH, dont le si\u00e8ge est situ\u00e9 2 rue Kellermann, BP 80157, 59053 ROUBAIX Cedex 1\u201a France.<br>T\u00e9l\u00e9phone : +33 (0)8 203 203 63<br>Adresse web :\u00a0<a href=\"https:\/\/www.ovh.com\/\" target=\"_blank\" rel=\"noreferrer noopener\">www.ovh.com<\/a><br>Adresse \u00e9lectronique (E-Mail) :\u00a0<a href=\"mailto:support@ovh.com\">support@ovh.com<\/a><br>Conditions d\u2019utilisation du site<br>L\u2019utilisateur s\u2019engage \u00e0 prendre connaissance et \u00e0 respecter les conditions d\u2019utilisation du Site\u00a0<a href=\"https:\/\/www.assurances-easydo.fr\/\" target=\"_blank\" rel=\"noreferrer noopener\">www.assurance-trottinette.net<\/a>\u00a0d\u00e9finies ci-apr\u00e8s.<\/p>\n\n\n\n<h3 class=\"wp-block-heading\">| Responsabilit\u00e9s<\/h3>\n\n\n\n<p>L\u2019utilisateur du Site reconna\u00eet disposer de la comp\u00e9tence et des moyens n\u00e9cessaires pour acc\u00e9der au Site et l\u2019utiliser.<br>L\u2019utilisateur du Site reconna\u00eet avoir v\u00e9rifi\u00e9 que la configuration informatique qu\u2019il utilise ne contient aucun virus et qu\u2019elle est en parfait \u00e9tat de fonctionnement.<br>L\u2019exploitant du Site met tout en \u0153uvre pour offrir aux utilisateurs des informations et\/ou des outils disponibles et v\u00e9rifi\u00e9s mais d\u00e9cline toute responsabilit\u00e9 :<br>\u2013 quant au contenu du Site, notamment en cas d\u2019erreur, d\u2019omission et\/ou de virus pr\u00e9sent sur le Site;<br>\u2013 quant \u00e0 l\u2019utilisation du Site qui pourrait en \u00eatre faite par quiconque;<br>\u2013 quant aux \u00e9ventuels cas d\u2019interruption ou de non-disponibilit\u00e9 du service propos\u00e9 par le Site;<br>De m\u00eame, la responsabilit\u00e9 de l\u2019exploitant du Site ne saurait \u00eatre engag\u00e9e pour des faits dus \u00e0 un cas de force majeure (pannes, probl\u00e8mes d\u2019ordre technique concernant le mat\u00e9riel, \u2026) pouvant, le cas \u00e9ch\u00e9ant, entra\u00eener la suspension ou la cessation du service propos\u00e9 sur le Site.<br>Les informations fournies par l\u2019exploitant du Site le sont \u00e0 titre indicatif et ne sauraient dispenser l\u2019utilisateur d\u2019une analyse compl\u00e9mentaire et personnalis\u00e9e.<br>En cons\u00e9quence, l\u2019utilisateur reconna\u00eet utiliser ces informations sous son enti\u00e8re responsabilit\u00e9.<\/p>\n\n\n\n<h3 class=\"wp-block-heading\">| M\u00e9diation<\/h3>\n\n\n\n<p>En application de l\u2019article L 156-1 du Code de la consommation, le M\u00e9diateur de l\u2019Assurance est comp\u00e9tent pour intervenir sur tout litige n\u2019ayant pu \u00eatre r\u00e9gl\u00e9 dans le cadre d\u2019une r\u00e9clamation pr\u00e9alable directement introduite aupr\u00e8s des services de votre courtier \u00bb. Il peut \u00eatre saisi par l\u2019un des moyens suivants :<\/p>\n\n\n\n<p><strong>Adresse Postale :<\/strong><br>La M\u00e9diation de l\u2019Assurance<br>P\u00f4le CSCA<br>TSA 50110<br>75441 Paris Cedex 09<\/p>\n\n\n\n<p><strong>Adresse E-Mail :<\/strong><br><a href=\"mailto:le.mediateur@mediation-assurance.org\">le.mediateur@mediation-assurance.org<\/a><\/p>\n\n\n\n<p><strong>Adresse du site internet :<\/strong><br><a href=\"https:\/\/www.mediation-assurance.org\/\" target=\"_blank\" rel=\"noreferrer noopener\">www.assurance-trottinette.net<\/a><\/p>\n\n\n\n<h3 class=\"wp-block-heading\">| Droits de propri\u00e9t\u00e9 intellectuelle et industrielle<\/h3>\n\n\n\n<p>La structure g\u00e9n\u00e9rale du Site, les logiciels, textes, images anim\u00e9es ou non, le savoir-faire de l\u2019exploitant du Site et, plus g\u00e9n\u00e9ralement, tous les \u00e9l\u00e9ments composant le Site sont la propri\u00e9t\u00e9 exclusive du&nbsp;<strong>CABINET ERIC BENOIST<\/strong>&nbsp;et sont notamment prot\u00e9g\u00e9s par des droits de propri\u00e9t\u00e9 intellectuelle et industrielle.<br>Toute reproduction totale ou partielle du Site, par quelque personne et quelque moyen que ce soit, sans l\u2019autorisation pr\u00e9alable et expresse du&nbsp;<strong>CABINET ERIC BENOIST<\/strong>&nbsp;serait constitutive de contrefa\u00e7on, sanctionn\u00e9e par les articles L. 335-2 et suivants du Code de la propri\u00e9t\u00e9 intellectuelle.<br>Il en est de m\u00eame des bases de donn\u00e9es figurant, le cas \u00e9ch\u00e9ant, sur le Site ; ces bases sont prot\u00e9g\u00e9es par les dispositions de la loi du 1er juillet 1998, portant transposition dans le Code de la propri\u00e9t\u00e9 intellectuelle de la directive du 11 mars 1996 relative \u00e0 la protection juridique des bases de donn\u00e9es.<br>Toute reproduction, r\u00e9\u00e9dition, redistribution ou repr\u00e9sentation, totale ou partielle, de ces marques ou de ces logos effectu\u00e9e, par quelque moyen que ce soit, \u00e0 partir des \u00e9l\u00e9ments du Site sans l\u2019autorisation expresse et pr\u00e9alable de leur propri\u00e9taire est donc prohib\u00e9e au sens de l\u2019article L. 713-2 du Code de la propri\u00e9t\u00e9 intellectuelle.<\/p>\n\n\n\n<h3 class=\"wp-block-heading\">| Liens hypertextes<\/h3>\n\n\n\n<p>Les liens hypertextes \u00e9tablis en direction d\u2019autres sites ne sauraient engager la responsabilit\u00e9 de l\u2019exploitant du Site, notamment s\u2019agissant de leur contenu.<br>L\u2019exploitant du Site interdit \u00e0 toute personne de mettre en place des liens hypertextes pointant vers le pr\u00e9sent Site sans son autorisation expresse et pr\u00e9alable. En toute hypoth\u00e8se, la mise en place de tels liens ne saurait engager la responsabilit\u00e9 de l\u2019exploitant du Site.<\/p>\n\n\n\n<h3 class=\"wp-block-heading\"><strong>| Droit applicable<\/strong><\/h3>\n\n\n\n<p>Le pr\u00e9sent Site est soumis au droit fran\u00e7ais<\/p>\n","protected":false},"excerpt":{"rendered":"<p>Coordonn\u00e9es CEB AssurancesM. Yann BENOIST \u2013 Responsable\u00a0Assurance trottinette 1, Rue d\u2019Angers \u2013 BP 9444143 CH\u00c2TEAUBRIANT Cedex T\u00e9l :\u00a002 40 81 28 88E-mail :\u00a0yann@ceb-assurances.comSite web :\u00a0www.assurance-trottinette.net &hellip;<\/p>\n","protected":false},"author":1,"featured_media":0,"parent":0,"menu_order":0,"comment_status":"closed","ping_status":"closed","template":"","meta":{"footnotes":""},"class_list":["post-102","page","type-page","status-publish","hentry"],"_links":{"self":[{"href":"https:\/\/assurance-trottinette.net\/index.php\/wp-json\/wp\/v2\/pages\/102","targetHints":{"allow":["GET"]}}],"collection":[{"href":"https:\/\/assurance-trottinette.net\/index.php\/wp-json\/wp\/v2\/pages"}],"about":[{"href":"https:\/\/assurance-trottinette.net\/index.php\/wp-json\/wp\/v2\/types\/page"}],"author":[{"embeddable":true,"href":"https:\/\/assurance-trottinette.net\/index.php\/wp-json\/wp\/v2\/users\/1"}],"replies":[{"embeddable":true,"href":"https:\/\/assurance-trottinette.net\/index.php\/wp-json\/wp\/v2\/comments?post=102"}],"version-history":[{"count":2,"href":"https:\/\/assurance-trottinette.net\/index.php\/wp-json\/wp\/v2\/pages\/102\/revisions"}],"predecessor-version":[{"id":108,"href":"https:\/\/assurance-trottinette.net\/index.php\/wp-json\/wp\/v2\/pages\/102\/revisions\/108"}],"wp:attachment":[{"href":"https:\/\/assurance-trottinette.net\/index.php\/wp-json\/wp\/v2\/media?parent=102"}],"curies":[{"name":"wp","href":"https:\/\/api.w.org\/{rel}","templated":true}]}}